{"id":2429,"date":"2025-03-10T21:33:34","date_gmt":"2025-03-10T21:33:34","guid":{"rendered":"https:\/\/editorlazaro.com.br\/?post_type=product&#038;p=2429"},"modified":"2025-03-14T01:56:24","modified_gmt":"2025-03-14T01:56:24","slug":"livro-vivendo-a-perseguicao-com-cristo-copia","status":"publish","type":"product","link":"https:\/\/editorlazaro.com.br\/?product=livro-vivendo-a-perseguicao-com-cristo-copia","title":{"rendered":"Livro &#8211; A armadura do crist\u00e3o"},"content":{"rendered":"<p>Este \u00e9 um \u00f3timo livro para quem esta querendo criar mais intimidade com a Palavra de Deus, a Palavra da vida, a Palavra da Verdade,\u00a0 as Sagradas Escrituras, a B\u00edblia Sagrada.<\/p>\n<p>O livro esta em formato de um pequeno estudo b\u00edblico. Ap\u00f3s orar, pude com a gra\u00e7a de Deus, ir selecionando alguns vers\u00edculos importantes de cada livro da b\u00edblia, de maneira que cada livro b\u00edblico ficou em uma p\u00e1gina do livro. Em um formato de um pequeno resumo sobre alguns pontos do livro b\u00edblico, alguns vers\u00edculos importantes, e em alguns vers\u00edculos algumas cita\u00e7\u00f5es em outra parte b\u00edblia onde a mensagem \u00e9 a mesma.<\/p>\n<p>A composi\u00e7\u00e3o da B\u00edblia foi realizada pela nossa amada e santa Igreja Cat\u00f3lica Apost\u00f3lica Romana. E todos os livros ap\u00f3s \u00e1rdua sele\u00e7\u00e3o da Igreja, que procurou identificar quais livros tinham a inspira\u00e7\u00e3o do Esp\u00edrito Santo. Na conclus\u00e3o desse trabalho da Igreja temos a nossa B\u00edblia com ~73 livros b\u00edblicos escritos por diversos autores sagrados, profetas, reis, ap\u00f3stolos, homens de Deus que escreveram em palavras o que Deus falava ao seu povo.<\/p>\n<p>A Igreja n\u00e3o possui gr\u00e1ficas, n\u00e3o \u00e9 ela quem pessoalmente imprime as b\u00edblias. O Senhor mesmo nos disse \u201c..eu vos envio como cordeiros em meio a lobos..\u201d (Mt 10,16). Ent\u00e3o<br \/>\n\u00e9 necess\u00e1rio que a Igreja de Cristo seja uma fam\u00edlia unida, que se veja pessoalmente, que esteja perto um do outro, nas missas, nos encontros, e que todos conhe\u00e7am a Palavra de Deus.<br \/>\nSe aproxima a vinda gloriosa de nosso Senhor Jesus Cristo, e uma vida de santidade \u00e9 um chamado pra todos. Enquanto \u00e9 poss\u00edvel encontra-lo busquemos o Senhor.<\/p>\n<p>Prepara-te Igreja, pois Jesus vem!<\/p>\n<p>&nbsp;<\/p>\n<p>&nbsp;<\/p>\n","protected":false},"excerpt":{"rendered":"<p>Este \u00e9 um \u00f3timo livro para quem esta querendo criar mais intimidade com a Palavra de Deus, a Palavra da vida, a Palavra da Verdade,\u00a0 as Sagradas Escrituras, a B\u00edblia Sagrada.<\/p>\n<p>O livro esta em formato de um pequeno estudo b\u00edblico. Ap\u00f3s orar, pude com a gra\u00e7a de Deus, ir selecionando alguns vers\u00edculos importantes de cada livro da b\u00edblia, de maneira que cada livro b\u00edblico ficou em uma p\u00e1gina do livro. Em um formato de um pequeno resumo sobre alguns pontos do livro b\u00edblico, alguns vers\u00edculos importantes, e em alguns vers\u00edculos algumas cita\u00e7\u00f5es em outra parte b\u00edblia onde a mensagem \u00e9 a mesma.<\/p>\n","protected":false},"featured_media":2451,"comment_status":"open","ping_status":"closed","template":"","meta":[],"product_brand":[],"product_cat":[16],"product_tag":[],"class_list":{"0":"post-2429","1":"product","2":"type-product","3":"status-publish","4":"has-post-thumbnail","6":"product_cat-livros","8":"first","9":"instock","10":"featured","11":"downloadable","12":"virtual","13":"purchasable","14":"product-type-simple"},"_links":{"self":[{"href":"https:\/\/editorlazaro.com.br\/index.php?rest_route=\/wp\/v2\/product\/2429","targetHints":{"allow":["GET"]}}],"collection":[{"href":"https:\/\/editorlazaro.com.br\/index.php?rest_route=\/wp\/v2\/product"}],"about":[{"href":"https:\/\/editorlazaro.com.br\/index.php?rest_route=\/wp\/v2\/types\/product"}],"replies":[{"embeddable":true,"href":"https:\/\/editorlazaro.com.br\/index.php?rest_route=%2Fwp%2Fv2%2Fcomments&post=2429"}],"wp:featuredmedia":[{"embeddable":true,"href":"https:\/\/editorlazaro.com.br\/index.php?rest_route=\/wp\/v2\/media\/2451"}],"wp:attachment":[{"href":"https:\/\/editorlazaro.com.br\/index.php?rest_route=%2Fwp%2Fv2%2Fmedia&parent=2429"}],"wp:term":[{"taxonomy":"product_brand","embeddable":true,"href":"https:\/\/editorlazaro.com.br\/index.php?rest_route=%2Fwp%2Fv2%2Fproduct_brand&post=2429"},{"taxonomy":"product_cat","embeddable":true,"href":"https:\/\/editorlazaro.com.br\/index.php?rest_route=%2Fwp%2Fv2%2Fproduct_cat&post=2429"},{"taxonomy":"product_tag","embeddable":true,"href":"https:\/\/editorlazaro.com.br\/index.php?rest_route=%2Fwp%2Fv2%2Fproduct_tag&post=2429"}],"curies":[{"name":"wp","href":"https:\/\/api.w.org\/{rel}","templated":true}]}}