{"id":1282,"date":"2021-01-24T21:22:02","date_gmt":"2021-01-24T21:22:02","guid":{"rendered":"https:\/\/editorlazaro.com.br\/?post_type=product&#038;p=1282"},"modified":"2022-11-30T18:47:11","modified_gmt":"2022-11-30T18:47:11","slug":"livro-vivendo-a-perseguicao-com-cristo","status":"publish","type":"product","link":"https:\/\/editorlazaro.com.br\/?product=livro-vivendo-a-perseguicao-com-cristo","title":{"rendered":"Livro &#8211; Vivendo a persegui\u00e7\u00e3o com Cristo"},"content":{"rendered":"<p>Este livro marca o meu retorno pra casa, pra casa do Pai, pra Igreja.<br \/>\nEm meio a persegui\u00e7\u00e3o e as adversidades tudo que me importava era<br \/>\ne ainda \u00e9 estar com Cristo, ele me guardou e me deu vida nova,<br \/>\npor meio de seu poderoso sangue sou liberto.<br \/>\nHoje no mundo vivemos em tempos onde cada vez mais,<br \/>\nviver a f\u00e9 exige maior empenho, dedica\u00e7\u00e3o e ora\u00e7\u00e3o.<br \/>\nComo diz a can\u00e7\u00e3o: \u201ceu n\u00e3o quero s\u00f3 dizer am\u00e9m,<br \/>\nquero mostrar com a vida que eu creio..\u201d<br \/>\nVivendo a persegui\u00e7\u00e3o com Cristo encontrei na palavra de Deus<br \/>\nconsolo e amigos que n\u00e3o conhecia, entre os salmistas descobri irm\u00e3os<br \/>\nna f\u00e9 que viveram o que eu vivi, entre os prov\u00e9rbios encontrei<br \/>\nconselhos sobre a insensatez, no livro da sabedoria descobri que<br \/>\n\u201cO principio da Sabedoria \u00e9 o mais sincero desejo de instru\u00e7\u00e3o..\u201d<br \/>\nSb (6,17), em eclesi\u00e1stico descobri que \u201cA alegria do cora\u00e7\u00e3o \u00e9 a vida da<br \/>\npessoa tesouro inexaur\u00edvel de santidade\u201d Eclo (30, 23) e com meu<br \/>\nSenhor e amigo Jesus me lembrei que Deus, o verdadeiro e \u00fanico<br \/>\nDeus, \u00e9 um Deus de miseric\u00f3rdia e de amor.<br \/>\n\u201cDe fato, Deus amou tanto o mundo, que deu seu Filho \u00fanico, para<br \/>\nque todo o que nelecrer n\u00e3o pere\u00e7a, mas tenha a vida eterna.\u201d Jo (3, 16)<\/p>\n","protected":false},"excerpt":{"rendered":"<p>Livro Vivendo a persegui\u00e7\u00e3o com Cristo<\/p>\n<p>Momentos dif\u00edceis e uma realidade apresentada que n\u00e3o prestava aten\u00e7\u00e3o: estamos em batalha, batalha pela salva\u00e7\u00e3o de nossas almas e pela salva\u00e7\u00e3o dos nossos. Depois de me lembrar que s\u00f3 Jesus Cristo \u00e9 o Senhor, s\u00f3 viver em Sua presen\u00e7a importa.<\/p>\n","protected":false},"featured_media":1333,"comment_status":"open","ping_status":"closed","template":"","meta":[],"product_brand":[],"product_cat":[16],"product_tag":[],"class_list":{"0":"post-1282","1":"product","2":"type-product","3":"status-publish","4":"has-post-thumbnail","6":"product_cat-livros","8":"first","9":"instock","10":"featured","11":"downloadable","12":"virtual","13":"purchasable","14":"product-type-simple"},"_links":{"self":[{"href":"https:\/\/editorlazaro.com.br\/index.php?rest_route=\/wp\/v2\/product\/1282","targetHints":{"allow":["GET"]}}],"collection":[{"href":"https:\/\/editorlazaro.com.br\/index.php?rest_route=\/wp\/v2\/product"}],"about":[{"href":"https:\/\/editorlazaro.com.br\/index.php?rest_route=\/wp\/v2\/types\/product"}],"replies":[{"embeddable":true,"href":"https:\/\/editorlazaro.com.br\/index.php?rest_route=%2Fwp%2Fv2%2Fcomments&post=1282"}],"wp:featuredmedia":[{"embeddable":true,"href":"https:\/\/editorlazaro.com.br\/index.php?rest_route=\/wp\/v2\/media\/1333"}],"wp:attachment":[{"href":"https:\/\/editorlazaro.com.br\/index.php?rest_route=%2Fwp%2Fv2%2Fmedia&parent=1282"}],"wp:term":[{"taxonomy":"product_brand","embeddable":true,"href":"https:\/\/editorlazaro.com.br\/index.php?rest_route=%2Fwp%2Fv2%2Fproduct_brand&post=1282"},{"taxonomy":"product_cat","embeddable":true,"href":"https:\/\/editorlazaro.com.br\/index.php?rest_route=%2Fwp%2Fv2%2Fproduct_cat&post=1282"},{"taxonomy":"product_tag","embeddable":true,"href":"https:\/\/editorlazaro.com.br\/index.php?rest_route=%2Fwp%2Fv2%2Fproduct_tag&post=1282"}],"curies":[{"name":"wp","href":"https:\/\/api.w.org\/{rel}","templated":true}]}}