{"id":2492,"date":"2025-03-17T22:41:25","date_gmt":"2025-03-17T22:41:25","guid":{"rendered":"https:\/\/editorlazaro.com.br\/?page_id=2492"},"modified":"2025-05-04T22:51:02","modified_gmt":"2025-05-04T22:51:02","slug":"livro-a-armadura-do-cristao","status":"publish","type":"page","link":"https:\/\/editorlazaro.com.br\/?page_id=2492","title":{"rendered":"livro-a-armadura-do-cristao"},"content":{"rendered":"\t\t<div data-elementor-type=\"wp-page\" data-elementor-id=\"2492\" class=\"elementor elementor-2492\">\n\t\t\t\t\t\t<section class=\"elementor-section elementor-top-section elementor-element elementor-element-7290572f elementor-section-boxed elementor-section-height-default elementor-section-height-default\" data-id=\"7290572f\" data-element_type=\"section\">\n\t\t\t\t\t\t<div class=\"elementor-container elementor-column-gap-default\">\n\t\t\t\t\t<div class=\"elementor-column elementor-col-100 elementor-top-column elementor-element elementor-element-1a883c94\" data-id=\"1a883c94\" data-element_type=\"column\">\n\t\t\t<div class=\"elementor-widget-wrap elementor-element-populated\">\n\t\t\t\t\t\t<div class=\"elementor-element elementor-element-df898e5 elementor-widget elementor-widget-heading\" data-id=\"df898e5\" data-element_type=\"widget\" data-widget_type=\"heading.default\">\n\t\t\t\t<div class=\"elementor-widget-container\">\n\t\t\t\t\t<h2 class=\"elementor-heading-title elementor-size-default\"><p>Livro - A armadura do crist\u00e3o<span style=\"font-size: 2.66667rem;font-weight: 500\"><\/span><\/p><\/h2>\t\t\t\t<\/div>\n\t\t\t\t<\/div>\n\t\t\t\t<div class=\"elementor-element elementor-element-d44dfdf elementor-widget elementor-widget-image\" data-id=\"d44dfdf\" data-element_type=\"widget\" data-widget_type=\"image.default\">\n\t\t\t\t<div class=\"elementor-widget-container\">\n\t\t\t\t\t\t\t\t\t\t\t\t\t\t\t<img fetchpriority=\"high\" decoding=\"async\" width=\"310\" height=\"410\" src=\"https:\/\/editorlazaro.com.br\/wp-content\/uploads\/2025\/03\/capa_livro_a_armadura_do_cristao_-227x300_2-3.jpeg\" class=\"attachment-large size-large wp-image-2447\" alt=\"\" srcset=\"https:\/\/editorlazaro.com.br\/wp-content\/uploads\/2025\/03\/capa_livro_a_armadura_do_cristao_-227x300_2-3.jpeg 310w, https:\/\/editorlazaro.com.br\/wp-content\/uploads\/2025\/03\/capa_livro_a_armadura_do_cristao_-227x300_2-3-227x300.jpeg 227w\" sizes=\"(max-width: 310px) 100vw, 310px\" \/>\t\t\t\t\t\t\t\t\t\t\t\t\t\t\t<\/div>\n\t\t\t\t<\/div>\n\t\t\t\t\t<\/div>\n\t\t<\/div>\n\t\t\t\t\t<\/div>\n\t\t<\/section>\n\t\t\t\t<section class=\"elementor-section elementor-top-section elementor-element elementor-element-0925829 elementor-section-boxed elementor-section-height-default elementor-section-height-default\" data-id=\"0925829\" data-element_type=\"section\">\n\t\t\t\t\t\t<div class=\"elementor-container elementor-column-gap-default\">\n\t\t\t\t\t<div class=\"elementor-column elementor-col-100 elementor-top-column elementor-element elementor-element-aea222f\" data-id=\"aea222f\" data-element_type=\"column\">\n\t\t\t<div class=\"elementor-widget-wrap elementor-element-populated\">\n\t\t\t\t\t\t<div class=\"elementor-element elementor-element-832f8a4 elementor-widget elementor-widget-text-editor\" data-id=\"832f8a4\" data-element_type=\"widget\" data-widget_type=\"text-editor.default\">\n\t\t\t\t<div class=\"elementor-widget-container\">\n\t\t\t\t\t\t\t\t\t<p><\/p>\n<p><\/p>\n<p><\/p>\n<p>Este \u00e9 um \u00f3timo livro para quem esta querendo criar mais intimidade com a Palavra de Deus, a Palavra da vida, a Palavra da Verdade,&nbsp; as Sagradas Escrituras, a B\u00edblia Sagrada.<\/p>\n<p><\/p>\n<p><\/p>\n<p>O livro esta em formato de um pequeno estudo b\u00edblico. Ap\u00f3s orar, pude com a gra\u00e7a de Deus, ir selecionando alguns vers\u00edculos importantes de cada livro da b\u00edblia, de maneira que cada livro b\u00edblico ficou em uma p\u00e1gina do livro. Em um formato de um pequeno resumo sobre alguns pontos do livro b\u00edblico, alguns vers\u00edculos importantes, e em alguns vers\u00edculos algumas cita\u00e7\u00f5es em outra parte b\u00edblia onde a mensagem \u00e9 a mesma.<\/p>\n<p><\/p>\n<p><\/p>\n<p>A composi\u00e7\u00e3o da B\u00edblia foi realizada pela nossa amada e santa Igreja Cat\u00f3lica Apost\u00f3lica Romana. E todos os livros ap\u00f3s \u00e1rdua sele\u00e7\u00e3o da Igreja, que procurou identificar quais livros tinham a inspira\u00e7\u00e3o do Esp\u00edrito Santo. Na conclus\u00e3o desse trabalho da Igreja temos a nossa B\u00edblia com ~73 livros b\u00edblicos escritos por diversos autores sagrados, profetas, reis, ap\u00f3stolos, homens de Deus que escreveram em palavras o que Deus falava ao seu povo.<\/p>\n<p><\/p>\n<p><\/p>\n<p>A Igreja n\u00e3o possui gr\u00e1ficas, n\u00e3o \u00e9 ela quem pessoalmente imprime as b\u00edblias. O Senhor mesmo nos disse \u201c..eu vos envio como cordeiros em meio a lobos..\u201d (Mt 10,16). Ent\u00e3o \u00e9 necess\u00e1rio que a Igreja de Cristo seja uma fam\u00edlia unida, que se veja pessoalmente, que esteja perto um do outro, nas missas, nos encontros, e que todos conhe\u00e7am a Palavra de Deus. Se aproxima a vinda gloriosa de nosso Senhor Jesus Cristo, e uma vida de santidade \u00e9 um chamado pra todos. Enquanto \u00e9 poss\u00edvel encontra-lo busquemos o Senhor.<\/p>\n<p><\/p>\n<p><\/p>\n<p>Prepara-te Igreja, pois Jesus vem!<\/p>\n<p><\/p>\t\t\t\t\t\t\t\t<\/div>\n\t\t\t\t<\/div>\n\t\t\t\t\t<\/div>\n\t\t<\/div>\n\t\t\t\t\t<\/div>\n\t\t<\/section>\n\t\t\t\t<\/div>\n\t\t","protected":false},"excerpt":{"rendered":"<p>Livro &#8211; A armadura do crist\u00e3o Este \u00e9 um \u00f3timo livro para quem esta querendo criar mais intimidade com a Palavra de Deus, a Palavra da vida, a Palavra da Verdade,&nbsp; as Sagradas Escrituras, a B\u00edblia Sagrada. O livro esta em formato de um pequeno estudo b\u00edblico. Ap\u00f3s orar, pude com a gra\u00e7a de Deus, &hellip;<\/p>\n<p class=\"read-more\"> <a class=\"\" href=\"https:\/\/editorlazaro.com.br\/?page_id=2492\"> <span class=\"screen-reader-text\">livro-a-armadura-do-cristao<\/span> Leia mais &raquo;<\/a><\/p>\n","protected":false},"author":1,"featured_media":0,"parent":0,"menu_order":0,"comment_status":"closed","ping_status":"closed","template":"","meta":{"footnotes":""},"class_list":["post-2492","page","type-page","status-publish","hentry"],"_links":{"self":[{"href":"https:\/\/editorlazaro.com.br\/index.php?rest_route=\/wp\/v2\/pages\/2492","targetHints":{"allow":["GET"]}}],"collection":[{"href":"https:\/\/editorlazaro.com.br\/index.php?rest_route=\/wp\/v2\/pages"}],"about":[{"href":"https:\/\/editorlazaro.com.br\/index.php?rest_route=\/wp\/v2\/types\/page"}],"author":[{"embeddable":true,"href":"https:\/\/editorlazaro.com.br\/index.php?rest_route=\/wp\/v2\/users\/1"}],"replies":[{"embeddable":true,"href":"https:\/\/editorlazaro.com.br\/index.php?rest_route=%2Fwp%2Fv2%2Fcomments&post=2492"}],"version-history":[{"count":9,"href":"https:\/\/editorlazaro.com.br\/index.php?rest_route=\/wp\/v2\/pages\/2492\/revisions"}],"predecessor-version":[{"id":2605,"href":"https:\/\/editorlazaro.com.br\/index.php?rest_route=\/wp\/v2\/pages\/2492\/revisions\/2605"}],"wp:attachment":[{"href":"https:\/\/editorlazaro.com.br\/index.php?rest_route=%2Fwp%2Fv2%2Fmedia&parent=2492"}],"curies":[{"name":"wp","href":"https:\/\/api.w.org\/{rel}","templated":true}]}}