{"id":2,"date":"2020-12-04T13:42:34","date_gmt":"2020-12-04T13:42:34","guid":{"rendered":"https:\/\/editorlazaro.com.br\/?page_id=2"},"modified":"2024-06-01T23:45:37","modified_gmt":"2024-06-01T23:45:37","slug":"sample-page","status":"publish","type":"page","link":"https:\/\/editorlazaro.com.br\/?page_id=2","title":{"rendered":"Pr\u00f3ximos trabalhos"},"content":{"rendered":"\t\t<div data-elementor-type=\"wp-page\" data-elementor-id=\"2\" class=\"elementor elementor-2\">\n\t\t\t\t\t\t<section class=\"elementor-section elementor-top-section elementor-element elementor-element-29a7140f elementor-section-boxed elementor-section-height-default elementor-section-height-default\" data-id=\"29a7140f\" data-element_type=\"section\">\n\t\t\t\t\t\t<div class=\"elementor-container elementor-column-gap-default\">\n\t\t\t\t\t<div class=\"elementor-column elementor-col-100 elementor-top-column elementor-element elementor-element-324b2f55\" data-id=\"324b2f55\" data-element_type=\"column\">\n\t\t\t<div class=\"elementor-widget-wrap elementor-element-populated\">\n\t\t\t\t\t\t<div class=\"elementor-element elementor-element-7949610f elementor-widget elementor-widget-text-editor\" data-id=\"7949610f\" data-element_type=\"widget\" data-widget_type=\"text-editor.default\">\n\t\t\t\t<div class=\"elementor-widget-container\">\n\t\t\t\t\t\t\t\t\t<p><\/p>\n<p><\/p>\n<p><\/p>\n<blockquote class=\"wp-block-quote is-layout-flow wp-block-quote-is-layout-flow\">\n<h1 style=\"font-size: 0.933333rem; font-style: italic;\"><span style=\"font-size: 14px; font-weight: bold;\">Livro &#8211; A armadura de Deus, a Espada do Esp\u00edrito&nbsp;<\/span><\/h1><h1 style=\"font-size: 0.933333rem; font-style: italic;\">(Um pequeno estudo b\u00edblico sobre os ~73 livros da Palavra de Deus)<\/h1>\n<p style=\"font-size: 16.5px; font-style: italic; font-weight: 400; margin-bottom: 1em; color: #12161c;\"><span style=\"font-size: 16.5px; font-style: italic; font-weight: 400;\">\u201cVamos conhecer, procuremos o conhecimento do Senhor , tua chegada \u00e9 t\u00e3o certa como o dia de amanh\u00e3..\u201d (Os 6,3)<\/span><\/p>\n<h6><strong><img fetchpriority=\"high\" decoding=\"async\" class=\"alignnone wp-image-2092\" src=\"https:\/\/editorlazaro.com.br\/wp-content\/uploads\/2024\/06\/A_armadura_de_Deus_a_Espada_do_Espirito-240x300.png\" alt=\"\" width=\"451\" height=\"563\" srcset=\"https:\/\/editorlazaro.com.br\/wp-content\/uploads\/2024\/06\/A_armadura_de_Deus_a_Espada_do_Espirito-240x300.png 240w, https:\/\/editorlazaro.com.br\/wp-content\/uploads\/2024\/06\/A_armadura_de_Deus_a_Espada_do_Espirito.png 373w\" sizes=\"(max-width: 451px) 100vw, 451px\" \/><\/strong><\/h6>\n<h6>&nbsp;<\/h6>\n<p><\/p>\n<\/blockquote>\n<p><\/p>\n<p><\/p>\n<p><\/p>\n<p><\/p>\n<p class=\"is-layout-flow wp-block-quote-is-layout-flow\"><\/p>\n<p><\/p>\n<p><\/p>\t\t\t\t\t\t\t\t<\/div>\n\t\t\t\t<\/div>\n\t\t\t\t<div class=\"elementor-element elementor-element-644829f elementor-widget elementor-widget-text-editor\" data-id=\"644829f\" data-element_type=\"widget\" data-widget_type=\"text-editor.default\">\n\t\t\t\t<div class=\"elementor-widget-container\">\n\t\t\t\t\t\t\t\t\t\n<p>\u00a0<\/p>\n\n<blockquote class=\"wp-block-quote is-layout-flow wp-block-quote-is-layout-flow\">\n<p><strong>Livro &#8211; Crist\u00e3os, as novas tecnologias e <strong>\u00a0o fim dos tempos<\/strong><\/strong><\/p>\n<cite>\u201cPor que para Deus um dia \u00e9 como mil anos, e mil anos \u00e9 como um dia\u201d (2 Pd 3,8) <br \/><br \/><img decoding=\"async\" width=\"500\" height=\"568\" class=\"wp-image-1708\" style=\"width: 500px;\" src=\"https:\/\/editorlazaro.com.br\/wp-content\/uploads\/2021\/04\/Capa_livro_cristaos_novas_tecnologias_e_os_fim_dos_tempos.jpeg\" alt=\"\" srcset=\"https:\/\/editorlazaro.com.br\/wp-content\/uploads\/2021\/04\/Capa_livro_cristaos_novas_tecnologias_e_os_fim_dos_tempos.jpeg 451w, https:\/\/editorlazaro.com.br\/wp-content\/uploads\/2021\/04\/Capa_livro_cristaos_novas_tecnologias_e_os_fim_dos_tempos-264x300.jpeg 264w\" sizes=\"(max-width: 500px) 100vw, 500px\" \/><\/cite><\/blockquote>\n\n<p>\u00a0<\/p>\n\n<blockquote class=\"wp-block-quote is-layout-flow wp-block-quote-is-layout-flow\">\n<p>\u00a0<\/p>\n<\/blockquote>\n\n<p>\u00a0<\/p>\n\t\t\t\t\t\t\t\t<\/div>\n\t\t\t\t<\/div>\n\t\t\t\t\t<\/div>\n\t\t<\/div>\n\t\t\t\t\t<\/div>\n\t\t<\/section>\n\t\t\t\t<\/div>\n\t\t","protected":false},"excerpt":{"rendered":"<p>Livro &#8211; A armadura de Deus, a Espada do Esp\u00edrito&nbsp; (Um pequeno estudo b\u00edblico sobre os ~73 livros da Palavra de Deus) \u201cVamos conhecer, procuremos o conhecimento do Senhor , tua chegada \u00e9 t\u00e3o certa como o dia de amanh\u00e3..\u201d (Os 6,3) &nbsp; \u00a0 Livro &#8211; Crist\u00e3os, as novas tecnologias e \u00a0o fim dos tempos &hellip;<\/p>\n<p class=\"read-more\"> <a class=\"\" href=\"https:\/\/editorlazaro.com.br\/?page_id=2\"> <span class=\"screen-reader-text\">Pr\u00f3ximos trabalhos<\/span> Leia mais &raquo;<\/a><\/p>\n","protected":false},"author":1,"featured_media":0,"parent":0,"menu_order":0,"comment_status":"closed","ping_status":"open","template":"","meta":{"footnotes":""},"class_list":["post-2","page","type-page","status-publish","hentry"],"_links":{"self":[{"href":"https:\/\/editorlazaro.com.br\/index.php?rest_route=\/wp\/v2\/pages\/2","targetHints":{"allow":["GET"]}}],"collection":[{"href":"https:\/\/editorlazaro.com.br\/index.php?rest_route=\/wp\/v2\/pages"}],"about":[{"href":"https:\/\/editorlazaro.com.br\/index.php?rest_route=\/wp\/v2\/types\/page"}],"author":[{"embeddable":true,"href":"https:\/\/editorlazaro.com.br\/index.php?rest_route=\/wp\/v2\/users\/1"}],"replies":[{"embeddable":true,"href":"https:\/\/editorlazaro.com.br\/index.php?rest_route=%2Fwp%2Fv2%2Fcomments&post=2"}],"version-history":[{"count":10,"href":"https:\/\/editorlazaro.com.br\/index.php?rest_route=\/wp\/v2\/pages\/2\/revisions"}],"predecessor-version":[{"id":2095,"href":"https:\/\/editorlazaro.com.br\/index.php?rest_route=\/wp\/v2\/pages\/2\/revisions\/2095"}],"wp:attachment":[{"href":"https:\/\/editorlazaro.com.br\/index.php?rest_route=%2Fwp%2Fv2%2Fmedia&parent=2"}],"curies":[{"name":"wp","href":"https:\/\/api.w.org\/{rel}","templated":true}]}}